{"id":267,"date":"2014-11-25T19:41:36","date_gmt":"2014-11-25T17:41:36","guid":{"rendered":"http:\/\/www.raketenstuhl.de\/?page_id=267"},"modified":"2015-01-09T16:17:07","modified_gmt":"2015-01-09T14:17:07","slug":"thats-me","status":"publish","type":"page","link":"https:\/\/www.raketenstuhl.de\/?page_id=267","title":{"rendered":"Ich bin"},"content":{"rendered":"<p><a href=\"http:\/\/www.raketenstuhl.de\/wp-content\/uploads\/2014\/11\/MG_0943_Final_flat-Kopie2.jpg\"><img loading=\"lazy\" class=\"alignleft  wp-image-365\" style=\"margin: 5px 10px;\" alt=\"_MG_0943_Final_flat Kopie2\" src=\"http:\/\/www.raketenstuhl.de\/wp-content\/uploads\/2014\/11\/MG_0943_Final_flat-Kopie2-222x300.jpg\" width=\"222\" height=\"300\" srcset=\"https:\/\/www.raketenstuhl.de\/wp-content\/uploads\/2014\/11\/MG_0943_Final_flat-Kopie2-222x300.jpg 222w, https:\/\/www.raketenstuhl.de\/wp-content\/uploads\/2014\/11\/MG_0943_Final_flat-Kopie2-400x540.jpg 400w, https:\/\/www.raketenstuhl.de\/wp-content\/uploads\/2014\/11\/MG_0943_Final_flat-Kopie2.jpg 484w\" sizes=\"(max-width: 222px) 100vw, 222px\" \/><\/a>Hej hej, ich bin Ann-Kathrin Fleckenstein. Leidenschaftliche Handballerin (Codename \u201eAffenarm\u201c), Nerf-Kriegsheldin und Lautimautosingerin. Ich liebe den Geruch von Pfannkuchen am Morgen, den Klang von Eisw\u00fcrfeln in einem Glas und alle Hunde jenseits der 15 Kilo. Ich hasse Dinge knapp zu verpassen, Samtoberfl\u00e4chen und die verdammte Kehrmaschine unter meinem Schlafzimmerfenster.<br \/>\nIch glaube an die Kraft herausragender Gestaltung abseits der das-passt-so-schon-Attit\u00fcde und k\u00e4mpfe jeden Tag daf\u00fcr.<\/p>\n","protected":false},"excerpt":{"rendered":"<p>Hej hej, ich bin Ann-Kathrin Fleckenstein. Leidenschaftliche Handballerin (Codename \u201eAffenarm\u201c), Nerf-Kriegsheldin und Lautimautosingerin. Ich liebe den Geruch von Pfannkuchen am Morgen, den Klang von Eisw\u00fcrfeln&#8230;&nbsp;<\/p>\n","protected":false},"author":1,"featured_media":0,"parent":0,"menu_order":0,"comment_status":"open","ping_status":"open","template":"","meta":[],"_links":{"self":[{"href":"https:\/\/www.raketenstuhl.de\/index.php?rest_route=\/wp\/v2\/pages\/267"}],"collection":[{"href":"https:\/\/www.raketenstuhl.de\/index.php?rest_route=\/wp\/v2\/pages"}],"about":[{"href":"https:\/\/www.raketenstuhl.de\/index.php?rest_route=\/wp\/v2\/types\/page"}],"author":[{"embeddable":true,"href":"https:\/\/www.raketenstuhl.de\/index.php?rest_route=\/wp\/v2\/users\/1"}],"replies":[{"embeddable":true,"href":"https:\/\/www.raketenstuhl.de\/index.php?rest_route=%2Fwp%2Fv2%2Fcomments&post=267"}],"version-history":[{"count":17,"href":"https:\/\/www.raketenstuhl.de\/index.php?rest_route=\/wp\/v2\/pages\/267\/revisions"}],"predecessor-version":[{"id":373,"href":"https:\/\/www.raketenstuhl.de\/index.php?rest_route=\/wp\/v2\/pages\/267\/revisions\/373"}],"wp:attachment":[{"href":"https:\/\/www.raketenstuhl.de\/index.php?rest_route=%2Fwp%2Fv2%2Fmedia&parent=267"}],"curies":[{"name":"wp","href":"https:\/\/api.w.org\/{rel}","templated":true}]}}